{"id":15393,"date":"2014-03-24T10:54:51","date_gmt":"2014-03-24T10:54:51","guid":{"rendered":"https:\/\/www.conceptandco.it\/chi-siamo\/"},"modified":"2022-03-29T17:21:36","modified_gmt":"2022-03-29T17:21:36","slug":"equipe","status":"publish","type":"page","link":"https:\/\/www.conceptandco.it\/fr\/equipe\/","title":{"rendered":"Equipe"},"content":{"rendered":"<p>[vc_row css_animation=\u00a0\u00bb\u00a0\u00bb row_type=\u00a0\u00bbrow\u00a0\u00bb use_row_as_full_screen_section=\u00a0\u00bbno\u00a0\u00bb type=\u00a0\u00bbgrid\u00a0\u00bb angled_section=\u00a0\u00bbno\u00a0\u00bb text_align=\u00a0\u00bbleft\u00a0\u00bb background_image_as_pattern=\u00a0\u00bbwithout_pattern\u00a0\u00bb padding_top=\u00a0\u00bb37&Prime; padding_bottom=\u00a0\u00bb0&Prime; background_color=\u00a0\u00bb#ffffff\u00a0\u00bb z_index=\u00a0\u00bb\u00a0\u00bb][vc_column][vc_row_inner row_type=\u00a0\u00bbrow\u00a0\u00bb type=\u00a0\u00bbfull_width\u00a0\u00bb text_align=\u00a0\u00bbleft\u00a0\u00bb css_animation=\u00a0\u00bb\u00a0\u00bb][vc_column_inner width=\u00a0\u00bb1\/6&Prime;][vc_single_image image=\u00a0\u00bb15091&Prime; img_size=\u00a0\u00bbfull\u00a0\u00bb alignment=\u00a0\u00bbcenter\u00a0\u00bb qode_css_animation=\u00a0\u00bb\u00a0\u00bb][vc_empty_space][\/vc_column_inner][vc_column_inner width=\u00a0\u00bb5\/6&Prime;][vc_column_text]<\/p>\n<h4><strong>St\u00e9phanie Reguer<\/strong><\/h4>\n<p>[\/vc_column_text][vc_column_text]<\/p>\n<p style=\"text-align: left;\"><em><strong>D\u00e9veloppeuse de concepts<\/strong><\/em><\/p>\n<p>[\/vc_column_text][vc_separator type=\u00a0\u00bbtransparent\u00a0\u00bb up=\u00a0\u00bb13&Prime; down=\u00a0\u00bb0&Prime;][vc_column_text]Apr\u00e8s une carri\u00e8re au service d\u2019entreprises multinationales comme <strong>Diageo<\/strong>, <strong>L\u2019Or\u00e9al<\/strong> et <strong>Henkel<\/strong>, elle arrive chez <strong>Autogrill<\/strong> o\u00f9 elle se sp\u00e9cialise dans le secteur de la restauration, g\u00e9rant jusqu\u2019\u00e0 165 restaurants en Italie et \u00e0 l\u2019\u00e9tranger et recevant de nombreux prix pour les concepts r\u00e9alis\u00e9s.[\/vc_column_text][vc_separator type=\u00a0\u00bbtransparent\u00a0\u00bb up=\u00a0\u00bb7&Prime; down=\u00a0\u00bb0&Prime;][vc_column_text]<\/p>\n<div dir=\"auto\">\n<div dir=\"auto\">\n<div dir=\"auto\">\n<div dir=\"auto\">\n<p>Devenue cadre dirigeante, elle d\u00e9cide de mettre ses comp\u00e9tences au service des entreprises en cr\u00e9ant sa propre soci\u00e9t\u00e9 de conseil, Concept &amp; Co.<\/p>\n<\/div>\n<\/div>\n<\/div>\n<\/div>\n<div dir=\"auto\">\n<div dir=\"auto\">\n<div dir=\"auto\">\n<div dir=\"auto\">\n<div>\n<div><\/div>\n<\/div>\n<\/div>\n<\/div>\n<\/div>\n<\/div>\n<p>[\/vc_column_text][vc_separator type=\u00a0\u00bbtransparent\u00a0\u00bb up=\u00a0\u00bb7&Prime; down=\u00a0\u00bb0&Prime;][vc_column_text]Son parcours pluridisciplinaire dans le concept developpement et le project management d\u2019entreprises de la grande distribution, de la restauration commerciale ou du retail en font une interlocutrice privil\u00e9gi\u00e9e dans le d\u00e9veloppement de concepts en Italie et \u00e0 l\u2019\u00e9tranger.[\/vc_column_text][\/vc_column_inner][\/vc_row_inner][vc_empty_space height=\u00a0\u00bb52px\u00a0\u00bb][vc_row_inner row_type=\u00a0\u00bbrow\u00a0\u00bb type=\u00a0\u00bbfull_width\u00a0\u00bb text_align=\u00a0\u00bbleft\u00a0\u00bb css_animation=\u00a0\u00bb\u00a0\u00bb][vc_column_inner width=\u00a0\u00bb1\/6&Prime;][vc_single_image image=\u00a0\u00bb15275&Prime; img_size=\u00a0\u00bbfull\u00a0\u00bb alignment=\u00a0\u00bbcenter\u00a0\u00bb qode_css_animation=\u00a0\u00bb\u00a0\u00bb][vc_empty_space][\/vc_column_inner][vc_column_inner width=\u00a0\u00bb5\/6&Prime;][vc_column_text]<\/p>\n<h4><strong>Loni Saban<\/strong><\/h4>\n<p>[\/vc_column_text][vc_column_text]<\/p>\n<p style=\"text-align: left;\"><em><strong>Developpeur de concepts<\/strong><\/em><\/p>\n<p>[\/vc_column_text][vc_separator type=\u00a0\u00bbtransparent\u00a0\u00bb up=\u00a0\u00bb13&Prime; down=\u00a0\u00bb0&Prime;][vc_column_text]Loni a une exp\u00e9rience d\u2019entrepreneur de plus de 30 ans centr\u00e9e sur l\u2019hospitality et le retail, au d\u00e9tail et en ligne.[\/vc_column_text][vc_separator type=\u00a0\u00bbtransparent\u00a0\u00bb up=\u00a0\u00bb7&Prime; down=\u00a0\u00bb0&Prime;][vc_column_text]Il a d\u00e9but\u00e9 sa carri\u00e8re en d\u00e9veloppant des strat\u00e9gies de marketing pour la vente au d\u00e9tail dans les secteurs de la mode et des biens de grande consommation puis s\u2019est specialis\u00e9 dans l\u2019hospitality.[\/vc_column_text][vc_separator type=\u00a0\u00bbtransparent\u00a0\u00bb up=\u00a0\u00bb7&Prime; down=\u00a0\u00bb0&Prime;][vc_column_text]Par son expertise dans la cr\u00e9ation de concepts de Food &amp; Beverage et son approche innovante, il a aid\u00e9 en tant que consultant des chaines de magasins italiennes et internationales comme <strong>Feltrinelli<\/strong> <b>et 12oz Coffee Joint <\/b>\u00e0 optimiser les proc\u00e9d\u00e9s et les couts.<\/p>\n<div><\/div>\n<p>[\/vc_column_text][\/vc_column_inner][\/vc_row_inner][\/vc_column][\/vc_row][vc_row css_animation=\u00a0\u00bb\u00a0\u00bb row_type=\u00a0\u00bbrow\u00a0\u00bb use_row_as_full_screen_section=\u00a0\u00bbno\u00a0\u00bb type=\u00a0\u00bbgrid\u00a0\u00bb angled_section=\u00a0\u00bbno\u00a0\u00bb text_align=\u00a0\u00bbleft\u00a0\u00bb background_image_as_pattern=\u00a0\u00bbwithout_pattern\u00a0\u00bb padding_top=\u00a0\u00bb37&Prime; padding_bottom=\u00a0\u00bb0&Prime; background_color=\u00a0\u00bb#ffffff\u00a0\u00bb z_index=\u00a0\u00bb\u00a0\u00bb][vc_column][vc_empty_space height=\u00a0\u00bb52px\u00a0\u00bb][\/vc_column][\/vc_row][vc_row css_animation=\u00a0\u00bb\u00a0\u00bb row_type=\u00a0\u00bbrow\u00a0\u00bb use_row_as_full_screen_section=\u00a0\u00bbno\u00a0\u00bb type=\u00a0\u00bbgrid\u00a0\u00bb angled_section=\u00a0\u00bbno\u00a0\u00bb text_align=\u00a0\u00bbcenter\u00a0\u00bb background_image_as_pattern=\u00a0\u00bbwithout_pattern\u00a0\u00bb z_index=\u00a0\u00bb\u00a0\u00bb padding_top=\u00a0\u00bb50&Prime;][vc_column][vc_column_text]<\/p>\n<h2 style=\"text-align: center;\">Pourquoi choisir Concept &amp; Co. ?<\/h2>\n<p>[\/vc_column_text][vc_separator type=\u00a0\u00bbtransparent\u00a0\u00bb up=\u00a0\u00bb30&Prime; down=\u00a0\u00bb0&Prime;]<div class=\"qode_vertical_separator\" style=\"height: 35px;width: 1px;background-color: #a8a8a8\">\n<\/div>[vc_separator type=\u00a0\u00bbtransparent\u00a0\u00bb up=\u00a0\u00bb30&Prime; down=\u00a0\u00bb0&Prime;][vc_column_text]<\/p>\n<p style=\"text-align: center;\">Concept &amp; Co. est une soci\u00e9t\u00e9 de conseil r\u00e9active et flexible, qui se cale tr\u00e8s rapidement dans la r\u00e9alit\u00e9 des entreprises. Avec des clients comme Illy, Carrefour ou Ralph Lauren, nous avons acquis un fort know-how dans la cr\u00e9ation de formats retail ou de restauration \u00e0 360\u00b0, dans diff\u00e9rents secteurs, accompagnant les entreprises de la cr\u00e9ation du concept jusqu\u2019\u00e0 son ouverture.<\/p>\n<p style=\"text-align: center;\">Le binome St\u00e9phanie-Loni permet \u00e0 l\u2019entreprise-client d\u2019avoir deux interlocuteurs multi-disciplinaires capables de proposer des solutions adapt\u00e9es au d\u00e9veloppement du concept.<\/p>\n<p>[\/vc_column_text][vc_empty_space height=\u00a0\u00bb52px\u00a0\u00bb][\/vc_column][\/vc_row][vc_row css_animation=\u00a0\u00bb\u00a0\u00bb row_type=\u00a0\u00bbrow\u00a0\u00bb use_row_as_full_screen_section=\u00a0\u00bbno\u00a0\u00bb type=\u00a0\u00bbgrid\u00a0\u00bb angled_section=\u00a0\u00bbno\u00a0\u00bb text_align=\u00a0\u00bbleft\u00a0\u00bb background_image_as_pattern=\u00a0\u00bbwithout_pattern\u00a0\u00bb z_index=\u00a0\u00bb\u00a0\u00bb][vc_column][vc_row_inner row_type=\u00a0\u00bbrow\u00a0\u00bb type=\u00a0\u00bbfull_width\u00a0\u00bb text_align=\u00a0\u00bbleft\u00a0\u00bb css_animation=\u00a0\u00bb\u00a0\u00bb][vc_column_inner width=\u00a0\u00bb1\/3&Prime;]<div class='q_progress_bar'><h5 class='progress_title_holder clearfix' style=''><span class='progress_title'><span>L'exp\u00e9rience<\/span><\/span><span class='progress_number' style='color: #ffffff;'><span>0<\/span>%<\/span><\/h5><div class='progress_content_outer' style=''><div data-percentage='100' class='progress_content' style=''><\/div><\/div><\/div>[vc_separator type=\u00a0\u00bbtransparent\u00a0\u00bb up=\u00a0\u00bb7&Prime; down=\u00a0\u00bb0&Prime;][vc_column_text]<span style=\"font-weight: 400;\">Une exp\u00e9rience de plusieurs ann\u00e9es dans les secteurs de la restauration, du retail et de la grande distribution.<\/span>[\/vc_column_text][\/vc_column_inner][vc_column_inner width=\u00a0\u00bb1\/3&Prime;]<div class='q_progress_bar'><h5 class='progress_title_holder clearfix' style=''><span class='progress_title'><span>Le multicanal<\/span><\/span><span class='progress_number' style='color: #ffffff;'><span>0<\/span>%<\/span><\/h5><div class='progress_content_outer' style=''><div data-percentage='100' class='progress_content' style=''><\/div><\/div><\/div>[vc_separator type=\u00a0\u00bbtransparent\u00a0\u00bb up=\u00a0\u00bb7&Prime; down=\u00a0\u00bb0&Prime;][vc_column_text]<span style=\"font-weight: 400;\">La connaissance des diff\u00e9rents canaux de vente: centres-villes, centres commerciaux, a\u00e9roports, gares, autoroutes.<\/span>[\/vc_column_text][\/vc_column_inner][vc_column_inner width=\u00a0\u00bb1\/3&Prime;]<div class='q_progress_bar'><h5 class='progress_title_holder clearfix' style=''><span class='progress_title'><span>La gestion<\/span><\/span><span class='progress_number' style='color: #ffffff;'><span>0<\/span>%<\/span><\/h5><div class='progress_content_outer' style=''><div data-percentage='100' class='progress_content' style=''><\/div><\/div><\/div>[vc_separator type=\u00a0\u00bbtransparent\u00a0\u00bb up=\u00a0\u00bb7&Prime; down=\u00a0\u00bb0&Prime;][vc_column_text]<span style=\"font-weight: 400;\">Une gestion \u00e0 360\u00b0du processus de cr\u00e9ation du concept, multidisciplinaire.<\/span>[\/vc_column_text][\/vc_column_inner][\/vc_row_inner][vc_empty_space height=\u00a0\u00bb52px\u00a0\u00bb][\/vc_column][\/vc_row]<\/p>\n","protected":false},"excerpt":{"rendered":"<p>[vc_row css_animation=\u00a0\u00bb\u00a0\u00bb row_type=\u00a0\u00bbrow\u00a0\u00bb use_row_as_full_screen_section=\u00a0\u00bbno\u00a0\u00bb type=\u00a0\u00bbgrid\u00a0\u00bb angled_section=\u00a0\u00bbno\u00a0\u00bb text_align=\u00a0\u00bbleft\u00a0\u00bb background_image_as_pattern=\u00a0\u00bbwithout_pattern\u00a0\u00bb padding_top=\u00a0\u00bb37&Prime; padding_bottom=\u00a0\u00bb0&Prime; background_color=\u00a0\u00bb#ffffff\u00a0\u00bb z_index=\u00a0\u00bb\u00a0\u00bb][vc_column][vc_row_inner row_type=\u00a0\u00bbrow\u00a0\u00bb type=\u00a0\u00bbfull_width\u00a0\u00bb text_align=\u00a0\u00bbleft\u00a0\u00bb css_animation=\u00a0\u00bb\u00a0\u00bb][vc_column_inner width=\u00a0\u00bb1\/6&Prime;][vc_single_image image=\u00a0\u00bb15091&Prime; img_size=\u00a0\u00bbfull\u00a0\u00bb alignment=\u00a0\u00bbcenter\u00a0\u00bb qode_css_animation=\u00a0\u00bb\u00a0\u00bb][vc_empty_space][\/vc_column_inner][vc_column_inner width=\u00a0\u00bb5\/6&Prime;][vc_column_text] St\u00e9phanie Reguer [\/vc_column_text][vc_column_text] D\u00e9veloppeuse de concepts [\/vc_column_text][vc_separator type=\u00a0\u00bbtransparent\u00a0\u00bb up=\u00a0\u00bb13&Prime; down=\u00a0\u00bb0&Prime;][vc_column_text]Apr\u00e8s une carri\u00e8re au service d\u2019entreprises multinationales comme Diageo, L\u2019Or\u00e9al et Henkel, elle arrive&#8230;<\/p>\n","protected":false},"author":1,"featured_media":0,"parent":0,"menu_order":0,"comment_status":"open","ping_status":"open","template":"full_width.php","meta":{"footnotes":""},"_links":{"self":[{"href":"https:\/\/www.conceptandco.it\/fr\/wp-json\/wp\/v2\/pages\/15393"}],"collection":[{"href":"https:\/\/www.conceptandco.it\/fr\/wp-json\/wp\/v2\/pages"}],"about":[{"href":"https:\/\/www.conceptandco.it\/fr\/wp-json\/wp\/v2\/types\/page"}],"author":[{"embeddable":true,"href":"https:\/\/www.conceptandco.it\/fr\/wp-json\/wp\/v2\/users\/1"}],"replies":[{"embeddable":true,"href":"https:\/\/www.conceptandco.it\/fr\/wp-json\/wp\/v2\/comments?post=15393"}],"version-history":[{"count":5,"href":"https:\/\/www.conceptandco.it\/fr\/wp-json\/wp\/v2\/pages\/15393\/revisions"}],"predecessor-version":[{"id":15792,"href":"https:\/\/www.conceptandco.it\/fr\/wp-json\/wp\/v2\/pages\/15393\/revisions\/15792"}],"wp:attachment":[{"href":"https:\/\/www.conceptandco.it\/fr\/wp-json\/wp\/v2\/media?parent=15393"}],"curies":[{"name":"wp","href":"https:\/\/api.w.org\/{rel}","templated":true}]}}