{"id":15404,"date":"2021-04-19T16:59:53","date_gmt":"2021-04-19T16:59:53","guid":{"rendered":"https:\/\/www.conceptandco.it\/servizi\/"},"modified":"2022-03-28T17:09:54","modified_gmt":"2022-03-28T17:09:54","slug":"services","status":"publish","type":"page","link":"https:\/\/www.conceptandco.it\/fr\/services\/","title":{"rendered":"Services"},"content":{"rendered":"<p>[vc_row css_animation=\u00a0\u00bb\u00a0\u00bb row_type=\u00a0\u00bbrow\u00a0\u00bb use_row_as_full_screen_section=\u00a0\u00bbno\u00a0\u00bb type=\u00a0\u00bbgrid\u00a0\u00bb angled_section=\u00a0\u00bbno\u00a0\u00bb text_align=\u00a0\u00bbleft\u00a0\u00bb background_image_as_pattern=\u00a0\u00bbwithout_pattern\u00a0\u00bb padding_top=\u00a0\u00bb37&Prime; padding_bottom=\u00a0\u00bb0&Prime; background_color=\u00a0\u00bb#ffffff\u00a0\u00bb z_index=\u00a0\u00bb\u00a0\u00bb][vc_column][vc_row_inner row_type=\u00a0\u00bbrow\u00a0\u00bb type=\u00a0\u00bbfull_width\u00a0\u00bb text_align=\u00a0\u00bbleft\u00a0\u00bb css_animation=\u00a0\u00bb\u00a0\u00bb][vc_column_inner width=\u00a0\u00bb1\/3&Prime;][vc_single_image image=\u00a0\u00bb15142&Prime; img_size=\u00a0\u00bb150&#215;150&Prime; qode_css_animation=\u00a0\u00bbelement_from_bottom\u00a0\u00bb][vc_column_text]<\/p>\n<h4 style=\"text-align: left;\">Strategie<\/h4>\n<p>[\/vc_column_text][vc_separator type=\u00a0\u00bbsmall\u00a0\u00bb position=\u00a0\u00bbleft\u00a0\u00bb up=\u00a0\u00bb15&Prime;][vc_column_text]<\/p>\n<h5><strong>Contexte<\/strong><\/h5>\n<ul>\n<li style=\"font-weight: 400;\" aria-level=\"1\"><span style=\"font-weight: 400;\">Tendances du march\u00e9<\/span><\/li>\n<li style=\"font-weight: 400;\" aria-level=\"1\"><span style=\"font-weight: 400;\">Analyse concurrentielle<\/span><\/li>\n<li style=\"font-weight: 400;\" aria-level=\"1\"><span style=\"font-weight: 400;\">Analyse des donn\u00e9es de vente<\/span><\/li>\n<\/ul>\n<p>[\/vc_column_text][vc_empty_space][vc_column_text]<\/p>\n<h5><strong>D\u00e9velopement du concept <\/strong><\/h5>\n<ul>\n<li style=\"font-weight: 400;\" aria-level=\"1\"><span style=\"font-weight: 400;\">Positionnement ou re-positionnement<\/span><\/li>\n<li style=\"font-weight: 400;\" aria-level=\"1\"><span style=\"font-weight: 400;\">D\u00e9finition de l\u2019offre<\/span><\/li>\n<li style=\"font-weight: 400;\" aria-level=\"1\"><span style=\"font-weight: 400;\">Mod\u00e8le de service<\/span><\/li>\n<li style=\"font-weight: 400;\" aria-level=\"1\"><span style=\"font-weight: 400;\">Profil du personnel<\/span><\/li>\n<li style=\"font-weight: 400;\" aria-level=\"1\"><span style=\"font-weight: 400;\">Experience client in-store<\/span><\/li>\n<\/ul>\n<p>[\/vc_column_text][vc_empty_space][vc_column_text]<\/p>\n<h5><strong>KPI<\/strong><\/h5>\n<ul>\n<li style=\"font-weight: 400;\" aria-level=\"1\"><span style=\"font-weight: 400;\">Estimation des ventes et du mix <\/span><\/li>\n<li style=\"font-weight: 400;\" aria-level=\"1\"><span style=\"font-weight: 400;\">Ticket moyen<\/span><\/li>\n<li style=\"font-weight: 400;\" aria-level=\"1\"><span style=\"font-weight: 400;\">Chiffre d\u2019affaire par tranche horaire<\/span><\/li>\n<li style=\"font-weight: 400;\" aria-level=\"1\"><span style=\"font-weight: 400;\">Estimation Capex et Opex<\/span><\/li>\n<li style=\"font-weight: 400;\" aria-level=\"1\"><span style=\"font-weight: 400;\">Compte d\u2019exploitation<\/span><\/li>\n<\/ul>\n<p>[\/vc_column_text][\/vc_column_inner][vc_column_inner width=\u00a0\u00bb1\/3&Prime;][vc_single_image image=\u00a0\u00bb15139&Prime; img_size=\u00a0\u00bb150&#215;150&Prime; qode_css_animation=\u00a0\u00bbelement_from_bottom\u00a0\u00bb][vc_column_text]<\/p>\n<h4 style=\"text-align: left;\">Layout et image<\/h4>\n<p>[\/vc_column_text][vc_separator type=\u00a0\u00bbsmall\u00a0\u00bb position=\u00a0\u00bbleft\u00a0\u00bb up=\u00a0\u00bb15&Prime;][vc_column_text]<\/p>\n<h5><strong>Layout<\/strong><\/h5>\n<ul>\n<li style=\"font-weight: 400;\" aria-level=\"1\"><span style=\"font-weight: 400;\">Zoning<\/span><\/li>\n<li>D\u00e9finition du layout<\/li>\n<li>Optimisation des flux op\u00e9rationels et commerciaux<\/li>\n<li>Analyse pr\u00e9liminaire du site<\/li>\n<li>Relev\u00e9s<\/li>\n<li>Design pr\u00e9liminaire<\/li>\n<li>Ajout des \u00e9quipements<\/li>\n<li>Design final<\/li>\n<\/ul>\n<p>[\/vc_column_text][vc_empty_space][vc_column_text]<\/p>\n<h5><strong>Image<\/strong><\/h5>\n<ul>\n<li>Mood board<\/li>\n<li>D\u00e9finition des \u00e9l\u00e9ments-cl\u00e9s de l\u2019image<\/li>\n<li>S\u00e9lection des mat\u00e9riaux<\/li>\n<li>Palette des couleurs<\/li>\n<li>Recherche des \u00e9l\u00e9ments de d\u00e9coration et d\u2019\u00e9clairage<\/li>\n<li>Plan des \u00e9clairages<\/li>\n<li>Analyse acoustique<\/li>\n<li>Identit\u00e9 graphique in-store et en ligne<\/li>\n<\/ul>\n<p>[\/vc_column_text][vc_empty_space][vc_column_text]<\/p>\n<h5>Communication<\/h5>\n<ul>\n<li>Strat\u00e9gie de communication<\/li>\n<li>Contenu des divers supports , digitaux et physiques<\/li>\n<li>Plan de la communication in-store<\/li>\n<li>Coordination des agences<\/li>\n<li>Calendrier annuel des \u00e9v\u00e8nements<\/li>\n<\/ul>\n<p>[\/vc_column_text][\/vc_column_inner][vc_column_inner width=\u00a0\u00bb1\/3&Prime;][vc_single_image image=\u00a0\u00bb15144&Prime; img_size=\u00a0\u00bb150&#215;150&Prime; qode_css_animation=\u00a0\u00bbelement_from_bottom\u00a0\u00bb][vc_column_text]<\/p>\n<h4 style=\"text-align: left;\"><strong>OPERATIONS<\/strong><\/h4>\n<p>[\/vc_column_text][vc_separator type=\u00a0\u00bbsmall\u00a0\u00bb position=\u00a0\u00bbleft\u00a0\u00bb up=\u00a0\u00bb15&Prime;][vc_column_text]<\/p>\n<h5><strong>SUIVI DU CONCEPT OU DE SON EVOLUTION<\/strong><\/h5>\n<p>[\/vc_column_text][vc_separator type=\u00a0\u00bbsmall\u00a0\u00bb position=\u00a0\u00bbleft\u00a0\u00bb up=\u00a0\u00bb5&Prime; thickness=\u00a0\u00bb1&Prime; color=\u00a0\u00bb#ffffff\u00a0\u00bb down=\u00a0\u00bb5&Prime;][vc_column_text]<\/p>\n<h5><strong>PROJECT MANAGEMENT<\/strong><\/h5>\n<p>[\/vc_column_text][vc_separator type=\u00a0\u00bbsmall\u00a0\u00bb position=\u00a0\u00bbleft\u00a0\u00bb up=\u00a0\u00bb5&Prime; thickness=\u00a0\u00bb1&Prime; color=\u00a0\u00bb#ffffff\u00a0\u00bb down=\u00a0\u00bb5&Prime;][vc_column_text]<\/p>\n<h5><strong>GESTION DES CONSULTANTS<\/strong><\/h5>\n<p>[\/vc_column_text][vc_column_text]<\/p>\n<ul>\n<li style=\"font-weight: 400;\" aria-level=\"1\"><span style=\"font-weight: 400;\">HACCP\u00a0<\/span><\/li>\n<li style=\"font-weight: 400;\" aria-level=\"1\"><span style=\"font-weight: 400;\">Normes de s\u00e9curit\u00e9 et sanitaires<\/span><\/li>\n<li style=\"font-weight: 400;\" aria-level=\"1\"><span style=\"font-weight: 400;\">S\u00e9lection du personnel<\/span><\/li>\n<li style=\"font-weight: 400;\" aria-level=\"1\"><span style=\"font-weight: 400;\">\u00a0Relations publiques<\/span><\/li>\n<li style=\"font-weight: 400;\" aria-level=\"1\"><span style=\"font-weight: 400;\">etc\u2026<\/span><\/li>\n<\/ul>\n<p>[\/vc_column_text][vc_separator type=\u00a0\u00bbsmall\u00a0\u00bb position=\u00a0\u00bbleft\u00a0\u00bb up=\u00a0\u00bb5&Prime; thickness=\u00a0\u00bb1&Prime; color=\u00a0\u00bb#ffffff\u00a0\u00bb down=\u00a0\u00bb5&Prime;][vc_column_text]<\/p>\n<h5><strong>GANTT CHART \/ CHRONOLOGIE<\/strong><\/h5>\n<p>[\/vc_column_text][vc_separator type=\u00a0\u00bbsmall\u00a0\u00bb position=\u00a0\u00bbleft\u00a0\u00bb up=\u00a0\u00bb5&Prime; thickness=\u00a0\u00bb1&Prime; color=\u00a0\u00bb#ffffff\u00a0\u00bb down=\u00a0\u00bb5&Prime;][vc_empty_space][vc_column_text]<\/p>\n<h5><strong>Offre<\/strong><\/h5>\n<ul>\n<li>Cr\u00e9ation ou optimisation de l\u2019assortiment<\/li>\n<li>Recherche et s\u00e9lection des fournisseurs<\/li>\n<li>Ing\u00e9gnierie des proc\u00e9d\u00e9s<\/li>\n<li>R\u00e9daction\/correction des recettes<\/li>\n<li>Test en cuisine<\/li>\n<\/ul>\n<p>[\/vc_column_text][vc_empty_space][vc_column_text]<\/p>\n<h5><strong>Equipement<\/strong><\/h5>\n<ul>\n<li>Recherche et s\u00e9lection des \u00e9quipements<\/li>\n<li>Test des \u00e9quipements<\/li>\n<\/ul>\n<p>[\/vc_column_text][vc_empty_space][vc_column_text]<\/p>\n<h5><strong>Personel<\/strong><\/h5>\n<ul>\n<li>D\u00e9finition des profils<\/li>\n<li>Organigramme<\/li>\n<li>Recherche et s\u00e9lection du personnel<\/li>\n<\/ul>\n<p>[\/vc_column_text][vc_empty_space][vc_column_text]<\/p>\n<h5><strong>Ouverture<\/strong><\/h5>\n<ul>\n<li>Gestion de l\u2019ouverture<\/li>\n<li>Commandes et ordres d\u2019ouverture<\/li>\n<li>Brief relations publiques<\/li>\n<\/ul>\n<p>[\/vc_column_text][\/vc_column_inner][\/vc_row_inner][\/vc_column][\/vc_row][vc_row css_animation=\u00a0\u00bb\u00a0\u00bb row_type=\u00a0\u00bbrow\u00a0\u00bb use_row_as_full_screen_section=\u00a0\u00bbno\u00a0\u00bb type=\u00a0\u00bbfull_width\u00a0\u00bb angled_section=\u00a0\u00bbno\u00a0\u00bb text_align=\u00a0\u00bbleft\u00a0\u00bb background_image_as_pattern=\u00a0\u00bbwithout_pattern\u00a0\u00bb css=\u00a0\u00bb.vc_custom_1618854760740{background-color: #ffffff !important;}\u00a0\u00bb z_index=\u00a0\u00bb\u00a0\u00bb][vc_column][vc_empty_space][\/vc_column][\/vc_row]<\/p>\n","protected":false},"excerpt":{"rendered":"<p>[vc_row css_animation=\u00a0\u00bb\u00a0\u00bb row_type=\u00a0\u00bbrow\u00a0\u00bb use_row_as_full_screen_section=\u00a0\u00bbno\u00a0\u00bb type=\u00a0\u00bbgrid\u00a0\u00bb angled_section=\u00a0\u00bbno\u00a0\u00bb text_align=\u00a0\u00bbleft\u00a0\u00bb background_image_as_pattern=\u00a0\u00bbwithout_pattern\u00a0\u00bb padding_top=\u00a0\u00bb37&Prime; padding_bottom=\u00a0\u00bb0&Prime; background_color=\u00a0\u00bb#ffffff\u00a0\u00bb z_index=\u00a0\u00bb\u00a0\u00bb][vc_column][vc_row_inner row_type=\u00a0\u00bbrow\u00a0\u00bb type=\u00a0\u00bbfull_width\u00a0\u00bb text_align=\u00a0\u00bbleft\u00a0\u00bb css_animation=\u00a0\u00bb\u00a0\u00bb][vc_column_inner width=\u00a0\u00bb1\/3&Prime;][vc_single_image image=\u00a0\u00bb15142&Prime; img_size=\u00a0\u00bb150&#215;150&Prime; qode_css_animation=\u00a0\u00bbelement_from_bottom\u00a0\u00bb][vc_column_text] Strategie [\/vc_column_text][vc_separator type=\u00a0\u00bbsmall\u00a0\u00bb position=\u00a0\u00bbleft\u00a0\u00bb up=\u00a0\u00bb15&Prime;][vc_column_text] Contexte Tendances du march\u00e9 Analyse concurrentielle Analyse des donn\u00e9es de vente [\/vc_column_text][vc_empty_space][vc_column_text] D\u00e9velopement du concept Positionnement ou re-positionnement D\u00e9finition de&#8230;<\/p>\n","protected":false},"author":1,"featured_media":0,"parent":0,"menu_order":0,"comment_status":"open","ping_status":"open","template":"full_width.php","meta":{"footnotes":""},"_links":{"self":[{"href":"https:\/\/www.conceptandco.it\/fr\/wp-json\/wp\/v2\/pages\/15404"}],"collection":[{"href":"https:\/\/www.conceptandco.it\/fr\/wp-json\/wp\/v2\/pages"}],"about":[{"href":"https:\/\/www.conceptandco.it\/fr\/wp-json\/wp\/v2\/types\/page"}],"author":[{"embeddable":true,"href":"https:\/\/www.conceptandco.it\/fr\/wp-json\/wp\/v2\/users\/1"}],"replies":[{"embeddable":true,"href":"https:\/\/www.conceptandco.it\/fr\/wp-json\/wp\/v2\/comments?post=15404"}],"version-history":[{"count":12,"href":"https:\/\/www.conceptandco.it\/fr\/wp-json\/wp\/v2\/pages\/15404\/revisions"}],"predecessor-version":[{"id":15765,"href":"https:\/\/www.conceptandco.it\/fr\/wp-json\/wp\/v2\/pages\/15404\/revisions\/15765"}],"wp:attachment":[{"href":"https:\/\/www.conceptandco.it\/fr\/wp-json\/wp\/v2\/media?parent=15404"}],"curies":[{"name":"wp","href":"https:\/\/api.w.org\/{rel}","templated":true}]}}