{"id":15425,"date":"2021-04-19T17:59:05","date_gmt":"2021-04-19T17:59:05","guid":{"rendered":"https:\/\/www.conceptandco.it\/network\/"},"modified":"2022-03-28T15:52:30","modified_gmt":"2022-03-28T15:52:30","slug":"reseau","status":"publish","type":"page","link":"https:\/\/www.conceptandco.it\/fr\/reseau\/","title":{"rendered":"R\u00e9seau"},"content":{"rendered":"<p>[vc_row css_animation=\u00a0\u00bb\u00a0\u00bb row_type=\u00a0\u00bbrow\u00a0\u00bb use_row_as_full_screen_section=\u00a0\u00bbno\u00a0\u00bb type=\u00a0\u00bbgrid\u00a0\u00bb angled_section=\u00a0\u00bbno\u00a0\u00bb text_align=\u00a0\u00bbleft\u00a0\u00bb background_image_as_pattern=\u00a0\u00bbwithout_pattern\u00a0\u00bb z_index=\u00a0\u00bb\u00a0\u00bb css=\u00a0\u00bb.vc_custom_1618855577361{background-color: #ffffff !important;}\u00a0\u00bb][vc_column][vc_column_text]<\/p>\n<h5 style=\"text-align: left;\"><strong>Notre r\u00e9seau de sp\u00e9cialistes confirm\u00e9s.<\/strong><\/h5>\n<p>[\/vc_column_text][\/vc_column][\/vc_row][vc_row css_animation=\u00a0\u00bb\u00a0\u00bb row_type=\u00a0\u00bbrow\u00a0\u00bb use_row_as_full_screen_section=\u00a0\u00bbno\u00a0\u00bb type=\u00a0\u00bbgrid\u00a0\u00bb angled_section=\u00a0\u00bbno\u00a0\u00bb text_align=\u00a0\u00bbleft\u00a0\u00bb background_image_as_pattern=\u00a0\u00bbwithout_pattern\u00a0\u00bb padding_top=\u00a0\u00bb37&Prime; padding_bottom=\u00a0\u00bb0&Prime; background_color=\u00a0\u00bb#ffffff\u00a0\u00bb z_index=\u00a0\u00bb\u00a0\u00bb][vc_column][vc_row_inner row_type=\u00a0\u00bbrow\u00a0\u00bb type=\u00a0\u00bbfull_width\u00a0\u00bb text_align=\u00a0\u00bbleft\u00a0\u00bb css_animation=\u00a0\u00bb\u00a0\u00bb][vc_column_inner width=\u00a0\u00bb1\/2&Prime;][vc_column_text]<\/p>\n<ul>\n<li>Graphistes<\/li>\n<li>Web masters<\/li>\n<li>Agences de publicit\u00e9<\/li>\n<li>Photographes<\/li>\n<li>Retail designers<\/li>\n<li>D\u00e9corateurs<\/li>\n<li>Cabinets d\u2019architecture<\/li>\n<li>Fabricants d\u2019uniformes<\/li>\n<\/ul>\n<p>[\/vc_column_text][\/vc_column_inner][vc_column_inner width=\u00a0\u00bb1\/2&Prime;][vc_column_text]<\/p>\n<ul>\n<li>Sp\u00e9cialistes en petit \u00e9quipement de cuisine et vaisselle<\/li>\n<li>Fournisseurs de gros \u00e9quipement<\/li>\n<li>Fournisseurs de produits alimentaires et boissons<\/li>\n<li>Formateurs de barmans<\/li>\n<li>Chefs<\/li>\n<li>Cr\u00e9ateurs de radio in-store<\/li>\n<li>Cr\u00e9ateurs de signatures olfactives<\/li>\n<\/ul>\n<p>[\/vc_column_text][\/vc_column_inner][\/vc_row_inner][vc_empty_space][\/vc_column][\/vc_row][vc_row css_animation=\u00a0\u00bb\u00a0\u00bb row_type=\u00a0\u00bbrow\u00a0\u00bb use_row_as_full_screen_section=\u00a0\u00bbno\u00a0\u00bb type=\u00a0\u00bbfull_width\u00a0\u00bb angled_section=\u00a0\u00bbno\u00a0\u00bb text_align=\u00a0\u00bbleft\u00a0\u00bb background_image_as_pattern=\u00a0\u00bbwithout_pattern\u00a0\u00bb css=\u00a0\u00bb.vc_custom_1618856401414{background: #ffffff url(http:\/\/conceptandco.grafino.it\/wp-content\/uploads\/2021\/01\/conceptco-bg-circle-sx.png?id=14931) !important;}\u00a0\u00bb z_index=\u00a0\u00bb\u00a0\u00bb][vc_column][vc_empty_space][vc_row_inner row_type=\u00a0\u00bbrow\u00a0\u00bb type=\u00a0\u00bbgrid\u00a0\u00bb text_align=\u00a0\u00bbleft\u00a0\u00bb css_animation=\u00a0\u00bb\u00a0\u00bb][vc_column_inner width=\u00a0\u00bb1\/2&Prime;][vc_gallery interval=\u00a0\u00bb3&Prime; images=\u00a0\u00bb15157,15158,15159&Prime; img_size=\u00a0\u00bbfull\u00a0\u00bb onclick=\u00a0\u00bb\u00a0\u00bb css_animation=\u00a0\u00bbfadeInRight\u00a0\u00bb direction_nav=\u00a0\u00bbyes\u00a0\u00bb][\/vc_column_inner][vc_column_inner width=\u00a0\u00bb1\/2&Prime;][vc_column_text]<\/p>\n<h3>Synergies<\/h3>\n<p>[\/vc_column_text][vc_empty_space][vc_column_text]La collaboration avec le cabinet d\u2019architecture Societ\u00e0 Progettazioni Integrali (SPI s.r.l), sp\u00e9cialis\u00e9 dans le retail, permet de proposer aux clients une approche int\u00e9gr\u00e9e, de la cr\u00e9ation du concept jusqu\u2019\u00e0 sa r\u00e9alisation, partout dans le monde.[\/vc_column_text][vc_empty_space]<a  itemprop=\"url\" href=\"https:\/\/www.spi-it.com\/\" target=\"_blank\"  class=\"qbutton  default\" style=\"\">Acc\u00e8s au site de SPI<\/a>[\/vc_column_inner][\/vc_row_inner][\/vc_column][\/vc_row]<\/p>\n","protected":false},"excerpt":{"rendered":"<p>[vc_row css_animation=\u00a0\u00bb\u00a0\u00bb row_type=\u00a0\u00bbrow\u00a0\u00bb use_row_as_full_screen_section=\u00a0\u00bbno\u00a0\u00bb type=\u00a0\u00bbgrid\u00a0\u00bb angled_section=\u00a0\u00bbno\u00a0\u00bb text_align=\u00a0\u00bbleft\u00a0\u00bb background_image_as_pattern=\u00a0\u00bbwithout_pattern\u00a0\u00bb z_index=\u00a0\u00bb\u00a0\u00bb css=\u00a0\u00bb.vc_custom_1618855577361{background-color: #ffffff !important;}\u00a0\u00bb][vc_column][vc_column_text] Notre r\u00e9seau de sp\u00e9cialistes confirm\u00e9s. [\/vc_column_text][\/vc_column][\/vc_row][vc_row css_animation=\u00a0\u00bb\u00a0\u00bb row_type=\u00a0\u00bbrow\u00a0\u00bb use_row_as_full_screen_section=\u00a0\u00bbno\u00a0\u00bb type=\u00a0\u00bbgrid\u00a0\u00bb angled_section=\u00a0\u00bbno\u00a0\u00bb text_align=\u00a0\u00bbleft\u00a0\u00bb background_image_as_pattern=\u00a0\u00bbwithout_pattern\u00a0\u00bb padding_top=\u00a0\u00bb37&Prime; padding_bottom=\u00a0\u00bb0&Prime; background_color=\u00a0\u00bb#ffffff\u00a0\u00bb z_index=\u00a0\u00bb\u00a0\u00bb][vc_column][vc_row_inner row_type=\u00a0\u00bbrow\u00a0\u00bb type=\u00a0\u00bbfull_width\u00a0\u00bb text_align=\u00a0\u00bbleft\u00a0\u00bb css_animation=\u00a0\u00bb\u00a0\u00bb][vc_column_inner width=\u00a0\u00bb1\/2&Prime;][vc_column_text] Graphistes Web masters Agences de publicit\u00e9 Photographes Retail designers D\u00e9corateurs Cabinets&#8230;<\/p>\n","protected":false},"author":1,"featured_media":0,"parent":0,"menu_order":0,"comment_status":"open","ping_status":"open","template":"full_width.php","meta":{"footnotes":""},"_links":{"self":[{"href":"https:\/\/www.conceptandco.it\/fr\/wp-json\/wp\/v2\/pages\/15425"}],"collection":[{"href":"https:\/\/www.conceptandco.it\/fr\/wp-json\/wp\/v2\/pages"}],"about":[{"href":"https:\/\/www.conceptandco.it\/fr\/wp-json\/wp\/v2\/types\/page"}],"author":[{"embeddable":true,"href":"https:\/\/www.conceptandco.it\/fr\/wp-json\/wp\/v2\/users\/1"}],"replies":[{"embeddable":true,"href":"https:\/\/www.conceptandco.it\/fr\/wp-json\/wp\/v2\/comments?post=15425"}],"version-history":[{"count":4,"href":"https:\/\/www.conceptandco.it\/fr\/wp-json\/wp\/v2\/pages\/15425\/revisions"}],"predecessor-version":[{"id":15736,"href":"https:\/\/www.conceptandco.it\/fr\/wp-json\/wp\/v2\/pages\/15425\/revisions\/15736"}],"wp:attachment":[{"href":"https:\/\/www.conceptandco.it\/fr\/wp-json\/wp\/v2\/media?parent=15425"}],"curies":[{"name":"wp","href":"https:\/\/api.w.org\/{rel}","templated":true}]}}